{"id":241,"date":"2014-07-21T18:56:38","date_gmt":"2014-07-21T18:56:38","guid":{"rendered":"http:\/\/www.hackbrett.de\/?page_id=241"},"modified":"2025-03-19T16:22:37","modified_gmt":"2025-03-19T16:22:37","slug":"die-gelben-saiten","status":"publish","type":"page","link":"https:\/\/www.hackbrett.de\/?page_id=241","title":{"rendered":"Das Orchester"},"content":{"rendered":"\n<figure class=\"wp-block-image size-full\"><img loading=\"lazy\" decoding=\"async\" width=\"3200\" height=\"1756\" src=\"https:\/\/www.lasido.de\/hackbrett\/wordpress\/wp-content\/uploads\/2019\/03\/gs_ulm_2019_foto_volkmar_koenneke_1.jpg\" alt=\"\" class=\"wp-image-532\" srcset=\"https:\/\/www.hackbrett.de\/wp-content\/uploads\/2019\/03\/gs_ulm_2019_foto_volkmar_koenneke_1.jpg 3200w, https:\/\/www.hackbrett.de\/wp-content\/uploads\/2019\/03\/gs_ulm_2019_foto_volkmar_koenneke_1-300x165.jpg 300w, https:\/\/www.hackbrett.de\/wp-content\/uploads\/2019\/03\/gs_ulm_2019_foto_volkmar_koenneke_1-768x421.jpg 768w, https:\/\/www.hackbrett.de\/wp-content\/uploads\/2019\/03\/gs_ulm_2019_foto_volkmar_koenneke_1-1024x562.jpg 1024w\" sizes=\"auto, (max-width: 3200px) 100vw, 3200px\" \/><figcaption class=\"wp-element-caption\">Altes Theater Ulm, Foto: Volkmar K\u00f6nneke<\/figcaption><\/figure>\n\n\n\n<p>Die &#8222;Gelben Saiten&#8220; sind ein Hackbrett-Orchester aus Ulm.<\/p>\n\n\n\n<p>Seit 2005 musizieren rund 20 HackbrettspielerInnen aus dem Raum Ulm-Augsburg-Allg\u00e4u in einer au\u00dfergew\u00f6hnlichen Orchester-Besetzung. Unter der Leitung von Diplommusiklehrer <a href=\"https:\/\/www.lasido.de\" target=\"_blank\" rel=\"noreferrer noopener\">J\u00f6rg Lanzinger<\/a>&nbsp;m\u00f6chte das Ensemble die vielschichtigen M\u00f6glichkeiten des Saiteninstrumentes aufzeigen. In eigenen Arrangements bekommen Werke aus Filmmusik, Rock, Pop, Jazz aber auch Klassik und Folklore einen ganz neuen, \u00fcberraschenden Sound.<\/p>\n\n\n\n<p>Lassen Sie sich selbst von diesem Klang bezaubern. Die n\u00e4chsten M\u00f6glichkeiten gibt es <a href=\"https:\/\/www.lasido.de\/hackbrett\/wordpress\/?page_id=245\" target=\"_blank\" rel=\"noreferrer noopener\">hier<\/a>.<\/p>\n\n\n\n<p><a href=\"https:\/\/www.lasido.de\/hackbrett\/wordpress\/?page_id=292\">Aktuelle Videos in der YouTube<\/a>.<\/p>\n\n\n\n<figure class=\"wp-block-image size-full\"><img loading=\"lazy\" decoding=\"async\" width=\"3200\" height=\"2426\" src=\"https:\/\/www.lasido.de\/hackbrett\/wordpress\/wp-content\/uploads\/2019\/03\/gs_ulm_2019_foto_volkmar_koenneke_2.jpg\" alt=\"\" class=\"wp-image-533\" style=\"aspect-ratio:3\/2;object-fit:cover\" srcset=\"https:\/\/www.hackbrett.de\/wp-content\/uploads\/2019\/03\/gs_ulm_2019_foto_volkmar_koenneke_2.jpg 3200w, https:\/\/www.hackbrett.de\/wp-content\/uploads\/2019\/03\/gs_ulm_2019_foto_volkmar_koenneke_2-300x227.jpg 300w, https:\/\/www.hackbrett.de\/wp-content\/uploads\/2019\/03\/gs_ulm_2019_foto_volkmar_koenneke_2-768x582.jpg 768w, https:\/\/www.hackbrett.de\/wp-content\/uploads\/2019\/03\/gs_ulm_2019_foto_volkmar_koenneke_2-1024x776.jpg 1024w\" sizes=\"auto, (max-width: 3200px) 100vw, 3200px\" \/><figcaption class=\"wp-element-caption\"><em>Altes Theater Ulm, Foto: Volkmar K\u00f6nneke<\/em><\/figcaption><\/figure>\n\n\n\n<hr class=\"wp-block-separator alignwide has-alpha-channel-opacity\"\/>\n\n\n\n<figure class=\"wp-block-image alignwide size-large\"><a href=\"https:\/\/www.lasido.de\/hackbrett\/wordpress\/wp-content\/uploads\/2024\/02\/cropped-GS-Logo-mit-Text.jpg\"><img loading=\"lazy\" decoding=\"async\" width=\"1024\" height=\"576\" src=\"https:\/\/www.lasido.de\/hackbrett\/wordpress\/wp-content\/uploads\/2024\/02\/cropped-GS-Logo-mit-Text-1024x576.jpg\" alt=\"\" class=\"wp-image-865\" srcset=\"https:\/\/www.hackbrett.de\/wp-content\/uploads\/2024\/02\/cropped-GS-Logo-mit-Text-1024x576.jpg 1024w, https:\/\/www.hackbrett.de\/wp-content\/uploads\/2024\/02\/cropped-GS-Logo-mit-Text-300x169.jpg 300w, https:\/\/www.hackbrett.de\/wp-content\/uploads\/2024\/02\/cropped-GS-Logo-mit-Text-768x432.jpg 768w, https:\/\/www.hackbrett.de\/wp-content\/uploads\/2024\/02\/cropped-GS-Logo-mit-Text-1536x863.jpg 1536w, https:\/\/www.hackbrett.de\/wp-content\/uploads\/2024\/02\/cropped-GS-Logo-mit-Text-496x279.jpg 496w, https:\/\/www.hackbrett.de\/wp-content\/uploads\/2024\/02\/cropped-GS-Logo-mit-Text.jpg 1795w\" sizes=\"auto, (max-width: 1024px) 100vw, 1024px\" \/><\/a><\/figure>\n","protected":false},"excerpt":{"rendered":"<p>Die &#8222;Gelben Saiten&#8220; sind ein Hackbrett-Orchester aus Ulm. Seit 2005 musizieren rund 20 HackbrettspielerInnen aus dem Raum Ulm-Augsburg-Allg\u00e4u in einer au\u00dfergew\u00f6hnlichen Orchester-Besetzung. Unter der Leitung &hellip;<\/p>\n","protected":false},"author":3,"featured_media":0,"parent":0,"menu_order":2,"comment_status":"closed","ping_status":"closed","template":"","meta":{"footnotes":""},"class_list":["post-241","page","type-page","status-publish","hentry"],"_links":{"self":[{"href":"https:\/\/www.hackbrett.de\/index.php?rest_route=\/wp\/v2\/pages\/241","targetHints":{"allow":["GET"]}}],"collection":[{"href":"https:\/\/www.hackbrett.de\/index.php?rest_route=\/wp\/v2\/pages"}],"about":[{"href":"https:\/\/www.hackbrett.de\/index.php?rest_route=\/wp\/v2\/types\/page"}],"author":[{"embeddable":true,"href":"https:\/\/www.hackbrett.de\/index.php?rest_route=\/wp\/v2\/users\/3"}],"replies":[{"embeddable":true,"href":"https:\/\/www.hackbrett.de\/index.php?rest_route=%2Fwp%2Fv2%2Fcomments&post=241"}],"version-history":[{"count":11,"href":"https:\/\/www.hackbrett.de\/index.php?rest_route=\/wp\/v2\/pages\/241\/revisions"}],"predecessor-version":[{"id":923,"href":"https:\/\/www.hackbrett.de\/index.php?rest_route=\/wp\/v2\/pages\/241\/revisions\/923"}],"wp:attachment":[{"href":"https:\/\/www.hackbrett.de\/index.php?rest_route=%2Fwp%2Fv2%2Fmedia&parent=241"}],"curies":[{"name":"wp","href":"https:\/\/api.w.org\/{rel}","templated":true}]}}