{"id":245,"date":"2014-07-21T19:00:02","date_gmt":"2014-07-21T19:00:02","guid":{"rendered":"http:\/\/www.hackbrett.de\/?page_id=245"},"modified":"2026-03-11T10:56:23","modified_gmt":"2026-03-11T10:56:23","slug":"termine","status":"publish","type":"page","link":"https:\/\/www.hackbrett.de\/?page_id=245","title":{"rendered":"Termine"},"content":{"rendered":"\n<p class=\"has-text-align-center has-normal-font-size\">Aktuelle Informationen versenden wir auch \u00fcber unseren Newsletter. F\u00fcr eine Anmeldung freuen wir uns \u00fcber eine kurze Email an:<\/p>\n\n\n<div class=\"wp-block-image\">\n<figure class=\"aligncenter size-large is-resized\"><a href=\"https:\/\/www.lasido.de\/hackbrett\/wordpress\/wp-content\/uploads\/2023\/01\/GS-Email-Logo.png\"><img loading=\"lazy\" decoding=\"async\" width=\"1024\" height=\"171\" src=\"https:\/\/www.lasido.de\/hackbrett\/wordpress\/wp-content\/uploads\/2023\/01\/GS-Email-Logo-1024x171.png\" alt=\"\" class=\"wp-image-803\" style=\"aspect-ratio:6;width:290px;height:auto\" srcset=\"https:\/\/www.hackbrett.de\/wp-content\/uploads\/2023\/01\/GS-Email-Logo-1024x171.png 1024w, https:\/\/www.hackbrett.de\/wp-content\/uploads\/2023\/01\/GS-Email-Logo-300x50.png 300w, https:\/\/www.hackbrett.de\/wp-content\/uploads\/2023\/01\/GS-Email-Logo-768x128.png 768w, https:\/\/www.hackbrett.de\/wp-content\/uploads\/2023\/01\/GS-Email-Logo-583x97.png 583w, https:\/\/www.hackbrett.de\/wp-content\/uploads\/2023\/01\/GS-Email-Logo.png 1200w\" sizes=\"auto, (max-width: 1024px) 100vw, 1024px\" \/><\/a><\/figure>\n<\/div>\n\n\n<hr class=\"wp-block-separator has-alpha-channel-opacity\"\/>\n\n\n\n<p class=\"has-text-align-center has-larger-font-size\"><strong>Konzerte 2026<\/strong><\/p>\n\n\n\n<p class=\"has-accent-1-background-color has-background has-large-font-size\">03.05.2026 &#8211; 17:00 Uhr<\/p>\n\n\n\n<p class=\"has-sitebg-background-color has-background has-large-font-size\"><strong>Sch\u00f6ngeising<\/strong> (FFB) &#8211; Dorfgemeinschaftshaus<\/p>\n\n\n\n<p class=\"has-sitebg-color has-sitetext-background-color has-text-color has-background has-link-color has-large-font-size wp-elements-bf52c469a43cadecdbe0d68bc04dbf92\">Eintritt 15,00 \u20ac, Reservierung: <a href=\"mailto:kartenvorverkauf@heinrich-scherrer-musikschule.de\">kartenvorverkauf@heinrich-scherrer-musikschule.de<\/a><br>Veranstalter: Heinrich-Scherrer-Musikschule e.V.<br>Einlass ab 16:00 Uhr, freie Platzwahl<br>Programm: &#8222;Saitenweise Rock &amp; Pop&#8220;, <a href=\"https:\/\/www.hackbrett.de\/wp-content\/uploads\/2026\/03\/GS-Plakat-260503-scaled.jpg\" data-type=\"attachment\" data-id=\"984\">Flyer<\/a><\/p>\n\n\n\n<p class=\"has-accent-1-background-color has-background has-large-font-size\">04.07.2026<\/p>\n\n\n\n<p class=\"has-sitebg-background-color has-background has-large-font-size\">Plochingen<\/p>\n\n\n\n<p class=\"has-sitebg-color has-sitetext-background-color has-text-color has-background has-link-color has-large-font-size wp-elements-40d1a6dfc4ff4ddeb8176e0f5bf1dfbe\">Weitere Infos in K\u00fcrze<\/p>\n\n\n\n<p class=\"has-accent-1-background-color has-background has-large-font-size\">18.07.2026<\/p>\n\n\n\n<p class=\"has-sitebg-background-color has-background has-large-font-size\">Privat<\/p>\n\n\n\n<p class=\"has-sitebg-color has-sitetext-background-color has-text-color has-background has-link-color has-large-font-size wp-elements-40d1a6dfc4ff4ddeb8176e0f5bf1dfbe\">Weitere Infos in K\u00fcrze<\/p>\n\n\n\n<p class=\"has-accent-1-background-color has-background has-large-font-size\">03.10.2026<\/p>\n\n\n\n<p class=\"has-sitebg-background-color has-background has-large-font-size\">Ulm<\/p>\n\n\n\n<p class=\"has-sitebg-color has-sitetext-background-color has-text-color has-background has-link-color has-large-font-size wp-elements-40d1a6dfc4ff4ddeb8176e0f5bf1dfbe\">Weitere Infos in K\u00fcrze<\/p>\n\n\n\n<p class=\"has-accent-1-background-color has-background has-large-font-size\">18.10.2026<\/p>\n\n\n\n<p class=\"has-sitebg-background-color has-background has-large-font-size\">G\u00fcnzburg<\/p>\n\n\n\n<p class=\"has-sitebg-color has-sitetext-background-color has-text-color has-background has-link-color has-large-font-size wp-elements-40d1a6dfc4ff4ddeb8176e0f5bf1dfbe\">Weitere Infos in K\u00fcrze<\/p>\n\n\n\n<p class=\"has-accent-1-background-color has-background has-large-font-size\">14.11.2026<\/p>\n\n\n\n<p class=\"has-sitebg-background-color has-background has-large-font-size\">Unterelchingen (NU)<\/p>\n\n\n\n<p class=\"has-sitebg-color has-sitetext-background-color has-text-color has-background has-link-color has-large-font-size wp-elements-40d1a6dfc4ff4ddeb8176e0f5bf1dfbe\">Weitere Infos in K\u00fcrze<\/p>\n\n\n\n<hr class=\"wp-block-separator has-alpha-channel-opacity is-style-wide\"\/>\n\n\n\n<p class=\"has-text-align-center\"><strong>Konzerte 202<\/strong>5<\/p>\n\n\n\n<p class=\"has-text-align-center\">29.03.2025, 20:00 Uhr<br><strong>Wildpoldsried<\/strong><br>(Allg\u00e4u)<br>Kultiviert Dorfsaal<br>Mit S\u00e4nger Thomas Wohlfahrt<\/p>\n\n\n\n<p class=\"has-text-align-center\">27. April 2025 16:00 Uhr<br><strong>F\u00fcrstenfeldbruck<\/strong><br>(Gro\u00dfraum M\u00fcnchen)<br>Klosterkirche<\/p>\n\n\n\n<p class=\"has-text-align-center\">22. Juni 2025 11:30 Uhr<br><strong>Ulm<\/strong><br>Ulmer Zelt<\/p>\n\n\n\n<p class=\"has-text-align-center\">29. Juni 2025 17:00 Uhr<br><strong>Thierhaupten<\/strong><br>(Raum Augsburg)<br>Kloster<\/p>\n\n\n\n<p class=\"has-text-align-center\">11. Oktober 2025 20:00 Uhr<br><strong>Dillingen<\/strong><br>(Nordschwaben)<br>Stadtsaal<\/p>\n\n\n\n<p class=\"has-text-align-center\">9. November 2025 17:00 Uhr<br><strong>Mindelheim<\/strong><br>(Raum Unterallg\u00e4u, Mittelschwaben)<br>Stadttheater<\/p>\n\n\n\n<hr class=\"wp-block-separator has-alpha-channel-opacity is-style-wide\"\/>\n\n\n\n<p class=\"has-text-align-center\"><strong>Konzerte 2024<\/strong><\/p>\n\n\n\n<p class=\"has-text-align-center\">11. Mai 2024, 19:30 Uhr<br><strong>Sch\u00f6ngeising<\/strong><br>Gemeinschaftshaus<\/p>\n\n\n\n<p class=\"has-text-align-center\">15. Juni 2024, 18:00 Uhr<br><strong>Kempten<\/strong><br>Kirche &#8222;St. Hedwig&#8220;<\/p>\n\n\n\n<p class=\"has-text-align-center\">19. Oktober 2024, 19:30 Uhr<br><strong>Illertissen<\/strong><br>Kolleg Aula<\/p>\n\n\n\n<p class=\"has-text-align-center\">16. November 2024, 15:00 Uhr<br><strong>Unterelchingen<\/strong><br>Kirche &#8222;St. Michael&#8220;<\/p>\n\n\n\n<hr class=\"wp-block-separator has-alpha-channel-opacity is-style-wide\"\/>\n\n\n\n<p class=\"has-text-align-center\"><strong>Konzerte 2023<\/strong><\/p>\n\n\n\n<p class=\"has-text-align-center\">15. April 2023, 20:00 Uhr<br><strong>Wildpoldsried<\/strong><br>Dorfsaal Kultiviert<br><em><a href=\"https:\/\/www.lasido.de\/hackbrett\/wordpress\/wp-content\/uploads\/2022\/12\/GS-Plakat-230415.jpg\" data-type=\"attachment\" data-id=\"785\" target=\"_blank\" rel=\"noreferrer noopener\">Sternsaiten<\/a><\/em><br>Mit Isabell M\u00fcnsch<\/p>\n\n\n\n<p class=\"has-text-align-center\">13. Mai 2023<br><strong>Boos<\/strong><br>Dorfgemeinschaftshaus<br><em>Sternsaiten<\/em><br>Mit Isabell M\u00fcnsch<\/p>\n\n\n\n<p class=\"has-text-align-center\">17. Juni 2023<br><strong>Illertissen<\/strong><br>Schranne<br><em>Sternsaiten<\/em><br>Mit Isabell M\u00fcnsch<\/p>\n\n\n\n<p class=\"has-text-align-center\">8. Oktober 2023, 17:00 Uhr<br><strong>Medlingen<\/strong><br>Stiftskirche<br><em>Sternsaiten<\/em> (im Rahmen der Dillinger Kulturtage)<br>Mit Miriam Galonska<\/p>\n\n\n\n<p class=\"has-text-align-center\">11. November 2023, 19:30 Uhr<br><strong>Augsburg<\/strong><br>St. Pius (Haunstetten)<br><em>Sternsaiten<\/em><br>Mit Isabell M\u00fcnsch &amp; Peter Bader (Orgel)<\/p>\n\n\n\n<p class=\"has-text-align-center\">12. November 2023, 15:00 Uhr<br><strong>Bad W\u00f6rishofen<\/strong><br>Stadtpfarrkirche St. Justina<br><em>Sternsaiten<\/em><br>Mit Isabell M\u00fcnsch<\/p>\n\n\n\n<hr class=\"wp-block-separator has-alpha-channel-opacity is-style-wide\"\/>\n\n\n\n<p class=\"has-text-align-center\"><strong>Konzerte 2022<\/strong><\/p>\n\n\n\n<p class=\"has-text-align-center\">7. Mai 2022, 19:30 Uhr<br><strong>Mindelheim<\/strong><br>Stadttheater<br>Mit Isabell M\u00fcnsch<\/p>\n\n\n\n<p class=\"has-text-align-center\">14. Mai 2022, 19:00 Uhr<br><strong>Oberelchingen<\/strong><br>Klosterkirche<br>Mit Isabell M\u00fcnsch<\/p>\n\n\n\n<p class=\"has-text-align-center\">29. Mai 2022, 18:00 Uhr<br><strong>Roggenburg<\/strong><br>Klosterkirche<br>Mit Isabell M\u00fcnsch<\/p>\n\n\n\n<p class=\"has-text-align-center\">25. Juni 2022, 20:00 Uhr<br><strong>Immenstadt<\/strong><br>Hofgarten<br>JODELSAITEN<\/p>\n\n\n\n<p class=\"has-text-align-center\">26. Juni 2022, 17:00 Uhr<br><strong>Dillingen<\/strong><br>Heilig-Geist-Kirche<br>Mit Miriam Galonska<\/p>\n\n\n\n<p class=\"has-text-align-center\">19. November 2022, 15:00 Uhr<br><strong>Unterelchingen<\/strong><br>Kirche St. Michael<br><a href=\"https:\/\/www.lasido.de\/hackbrett\/wordpress\/wp-content\/uploads\/2022\/10\/GS-Plakat-221119-1.jpg\" data-type=\"attachment\" data-id=\"741\" target=\"_blank\" rel=\"noreferrer noopener\">Flyer<\/a><\/p>\n\n\n\n<hr class=\"wp-block-separator has-css-opacity is-style-wide\"\/>\n\n\n\n<p class=\"has-text-align-center\"><meta charset=\"utf-8\"><strong>Konzerte 2021<\/strong><br><br>3. Oktober 2021, 19:00 Uhr<br><strong>Kempten<\/strong><br>Kirche Maria Himmelfahrt<\/p>\n\n\n\n<p class=\"has-text-align-center\">6. November 2021, 20:00 Uhr<br><strong>Syrgenstein<\/strong><br>Bachtalhalle<br>JODELSAITEN<\/p>\n\n\n\n<hr class=\"wp-block-separator has-css-opacity is-style-wide\"\/>\n\n\n\n<p class=\"has-text-align-center\"><strong>Konzerte 2020<\/strong><br><br>19. Januar 2020, 20:00 Uhr<br><strong>Immenstadt<\/strong><br>Hofgarten<br><br><s>5. April 2020, 17:00 Uhr<\/s><br><s><strong>Dillingen<\/strong><\/s><br><s>Kirche St. Ulrich<\/s><br><br><s>17. Mai 2020, 17:00 Uhr<\/s><br><s><strong>Kempten<\/strong><\/s><br><s>Kirche Maria Himmelfahrt<\/s><br><br><s>30. August 2020, 11:00 Uhr<\/s><br><s><strong>Ochsenhausen<\/strong><\/s><br><s>Musikakademie<\/s><br><\/p>\n\n\n\n<hr class=\"wp-block-separator has-css-opacity is-style-wide\"\/>\n\n\n\n<p class=\"has-text-align-center\"><strong>Konzerte 2019<\/strong><\/p>\n\n\n\n<p class=\"has-text-align-center\">15. M\u00e4rz 2019, 20:00 Uhr<br><strong>Ulm<\/strong><br>Altes Theater<\/p>\n\n\n\n<p class=\"has-text-align-center\">23. M\u00e4rz 2019, 19:30 Uhr<br><strong>Mindelheim<\/strong><br>Sylvestersaal<\/p>\n\n\n\n<p class=\"has-text-align-center\">3. Oktober 2019, 20:00 Uhr<br><strong>Fischen im Allg\u00e4u<\/strong><br>Fiskina<\/p>\n\n\n\n<p class=\"has-text-align-center\">13. Oktober 2019, 17:00 Uhr<br><strong>Augsburg<\/strong><br>Pfarrheim Haunstetten<\/p>\n\n\n\n<p class=\"has-text-align-center\">16. November 2019, 18:00 Uhr<br><strong>Unterelchingen<\/strong><br>St.-Michael-Haus<\/p>\n\n\n\n<hr class=\"wp-block-separator has-css-opacity is-style-wide\"\/>\n\n\n\n<p class=\"has-text-align-center\"><strong>Konzerte 2018<\/strong><\/p>\n\n\n\n<p class=\"has-text-align-center\">13. Januar 2018, 14:30 Uhr<br><strong>M\u00fcnchen<\/strong><br>Gasteig, Kleiner Konzertsaal<\/p>\n\n\n\n<p class=\"has-text-align-center\">21. April 2018, 20:00 Uhr<br><strong>Kimratshofen<\/strong><br>Festsaal in der &#8222;Alten Post&#8220;<\/p>\n\n\n\n<p class=\"has-text-align-center\">3. Oktober 2018, 16:00 Uhr<br><strong>Kempten<\/strong><br>&#8222;Sch\u00f6ner Saal&#8220; der Musikschule<\/p>\n\n\n\n<p class=\"has-text-align-center\">17. November 2018, 20:00 Uhr<br>Ulm<br>Kath. Pfarrheim<\/p>\n\n\n\n<hr class=\"wp-block-separator has-alpha-channel-opacity is-style-wide\"\/>\n\n\n\n<p class=\"has-text-align-center\"><strong>Konzerte 2017<\/strong><\/p>\n\n\n\n<p class=\"has-text-align-center\">11. Juni 2017, 11:30 Uhr<br><strong>Ulm<\/strong><br>Ulmer Zelt<\/p>\n\n\n\n<p class=\"has-text-align-center\">9. September 2017, 9:30 Uhr<br><strong>Illertissen<\/strong><br>Gartenlust<\/p>\n\n\n\n<p class=\"has-text-align-center\">3. Oktober 2017, 17:00 Uhr<br><strong>Augsburg<\/strong><br>Haunstetten<\/p>\n\n\n\n<hr class=\"wp-block-separator has-alpha-channel-opacity is-style-wide\"\/>\n\n\n\n<p class=\"has-text-align-center\"><strong>Konzerte 2016<\/strong><\/p>\n\n\n\n<p class=\"has-text-align-center\">9. April&nbsp;2016, 20:00 Uhr<br><strong>Ellhofen<\/strong><br>Dorfgemeinschaftshaus<\/p>\n\n\n\n<p class=\"has-text-align-center\">7. Mai 2016, 19:30 Uhr<br><strong>Durach<\/strong><br>Mehrzweckhalle<br>SaitenChor (mit Chor &#8222;Insieme&#8220;)<\/p>\n\n\n\n<p class=\"has-text-align-center\"><del>2. Oktober 2016, 19:00 Uhr<\/del><br><del>Straubing<\/del><br><del>Rathaussaal<\/del><\/p>\n\n\n\n<p class=\"has-text-align-center\">13. November 2016, 15:00 Uhr<br><strong>Ulm<\/strong><br>Katholisches Pfarrheim<\/p>\n\n\n\n<hr class=\"wp-block-separator has-alpha-channel-opacity is-style-wide\"\/>\n\n\n\n<p class=\"has-text-align-center\"><strong>Konzerte 2015<\/strong><\/p>\n\n\n\n<p class=\"has-text-align-center\">28. Februar 2015, 20:00 Uhr<br><strong>Syrgenstein<\/strong><br>Bachtalhalle<br>SaitenChor (mit &#8222;Voices &amp; Fun&#8220;)<\/p>\n\n\n\n<p class=\"has-text-align-center\">25. April 2015, 20:00 Uhr<br><strong>Traunstein<\/strong><br>NUTS<\/p>\n\n\n\n<p class=\"has-text-align-center\">26. April 2015, 11:00 Uhr<br><strong>Hallein (A)<\/strong><br>Musikhaus<\/p>\n\n\n\n<p class=\"has-text-align-center\">04. Oktober 2015, 19:00 Uhr<br><strong>Leutkirch-Urlau<\/strong><br>Dorfgasthof &#8222;Hirsch&#8220;<\/p>\n\n\n\n<p class=\"has-text-align-center\">14. November 2015, 20:00 Uhr<br><strong>Oberstaufen<\/strong><br>Franziskus-Saal<\/p>\n\n\n\n<hr class=\"wp-block-separator has-alpha-channel-opacity is-style-wide\"\/>\n\n\n\n<p class=\"has-text-align-center\"><strong>Konzerte 2014<\/strong><\/p>\n\n\n\n<p class=\"has-text-align-center\">3. Oktober 2014, 19:30 Uhr<br><strong>Steingaden<\/strong><br>Landvolkshochschule <\/p>\n\n\n\n<p class=\"has-text-align-center\">25. Oktober 2014, 20:00<br><strong>Ellhofen<\/strong><br>Dorfgemeinschaftshaus<\/p>\n\n\n\n<p class=\"has-text-align-center\">15. November 2014, 20:00 Uhr<br><strong>Ulm, S\u00f6flingen<\/strong><br>kath. Pfarrheim <\/p>\n","protected":false},"excerpt":{"rendered":"<p>Aktuelle Informationen versenden wir auch \u00fcber unseren Newsletter. F\u00fcr eine Anmeldung freuen wir uns \u00fcber eine kurze Email an: Konzerte 2026 03.05.2026 &#8211; 17:00 Uhr &hellip;<\/p>\n","protected":false},"author":3,"featured_media":0,"parent":0,"menu_order":3,"comment_status":"closed","ping_status":"closed","template":"","meta":{"footnotes":""},"class_list":["post-245","page","type-page","status-publish","hentry"],"_links":{"self":[{"href":"https:\/\/www.hackbrett.de\/index.php?rest_route=\/wp\/v2\/pages\/245","targetHints":{"allow":["GET"]}}],"collection":[{"href":"https:\/\/www.hackbrett.de\/index.php?rest_route=\/wp\/v2\/pages"}],"about":[{"href":"https:\/\/www.hackbrett.de\/index.php?rest_route=\/wp\/v2\/types\/page"}],"author":[{"embeddable":true,"href":"https:\/\/www.hackbrett.de\/index.php?rest_route=\/wp\/v2\/users\/3"}],"replies":[{"embeddable":true,"href":"https:\/\/www.hackbrett.de\/index.php?rest_route=%2Fwp%2Fv2%2Fcomments&post=245"}],"version-history":[{"count":56,"href":"https:\/\/www.hackbrett.de\/index.php?rest_route=\/wp\/v2\/pages\/245\/revisions"}],"predecessor-version":[{"id":988,"href":"https:\/\/www.hackbrett.de\/index.php?rest_route=\/wp\/v2\/pages\/245\/revisions\/988"}],"wp:attachment":[{"href":"https:\/\/www.hackbrett.de\/index.php?rest_route=%2Fwp%2Fv2%2Fmedia&parent=245"}],"curies":[{"name":"wp","href":"https:\/\/api.w.org\/{rel}","templated":true}]}}