{"id":280,"date":"2014-11-03T21:10:46","date_gmt":"2014-11-03T21:10:46","guid":{"rendered":"http:\/\/www.hackbrett.de\/?page_id=280"},"modified":"2018-11-16T09:00:40","modified_gmt":"2018-11-16T09:00:40","slug":"hackbrett-14-info","status":"publish","type":"page","link":"https:\/\/www.hackbrett.de\/?page_id=280","title":{"rendered":"hackbrett.14 &#8211; Info"},"content":{"rendered":"<p>Zur f\u00fcnften Ausgabe der Ulmer Festvial-Reihe &#8222;hackbrett.14&#8220; hat sich das Organisations-Team aus dem Orchester &#8222;Gelbe Saiten&#8220; etwas besonderes einfallen lassen: ein Gemeinschafts-Konzert von Hackbrett-Orchester und S\u00e4ngern. Folgerichtig nennt sich dieses Projekt &#8222;SaitenChor&#8220; und das feiert am 15. November 2014 im katholischen Pfarrheim in Ulm-S\u00f6flingen seine Premiere. Das neue Programm entstand aus der Idee heraus, die vielen Arrangements aus der Pop- und Rock-Musik doch nicht nur instrumental mit den Hackbrettern zu spielen, sondern die Lieder einfach auch mal mit Text und Stimme auf die B\u00fchne zu bringen. Bei den ersten Proben stellte sich schnell heraus, dass sich der besondere Klang der Saiteninstrumente perfekt mit dem Chor-Klang mischt, ihn nicht zudeckt trotz Orchesterst\u00e4rke, und unterst\u00fctzt durch eine Rhythmus-Sektion mit Gitarre, Bass und Cajon auch der richtige Groove f\u00fcr dieses Genre entsteht. Das Ulmer Hackbrett-Orchester hat sich f\u00fcr die Premiere einen Chor aus dem Landkreis Heidenheim ausgesucht: Die Formation &#8222;Voices &amp; Fun&#8220; des Gesangverein Hermaringen wird mit den &#8222;Gelben Saiten&#8220; auf der B\u00fchne stehen. Rein von der Anzahl der Konzerte ist &#8222;hackbrett.14&#8220; dieses Jahr damit eigentlich kein Festival, aber die vielen aktiven S\u00e4nger und Musiker mit ihrem au\u00dfergew\u00f6hnlichen Instrumentarium machen daraus ein ganz besonderes und auch spannendes Erlebnis.<\/p>\n","protected":false},"excerpt":{"rendered":"<p>Zur f\u00fcnften Ausgabe der Ulmer Festvial-Reihe &#8222;hackbrett.14&#8220; hat sich das Organisations-Team aus dem Orchester &#8222;Gelbe Saiten&#8220; etwas besonderes einfallen lassen: ein Gemeinschafts-Konzert von Hackbrett-Orchester und &hellip;<\/p>\n","protected":false},"author":3,"featured_media":0,"parent":250,"menu_order":0,"comment_status":"closed","ping_status":"closed","template":"","meta":{"footnotes":""},"class_list":["post-280","page","type-page","status-publish","hentry"],"_links":{"self":[{"href":"https:\/\/www.hackbrett.de\/index.php?rest_route=\/wp\/v2\/pages\/280","targetHints":{"allow":["GET"]}}],"collection":[{"href":"https:\/\/www.hackbrett.de\/index.php?rest_route=\/wp\/v2\/pages"}],"about":[{"href":"https:\/\/www.hackbrett.de\/index.php?rest_route=\/wp\/v2\/types\/page"}],"author":[{"embeddable":true,"href":"https:\/\/www.hackbrett.de\/index.php?rest_route=\/wp\/v2\/users\/3"}],"replies":[{"embeddable":true,"href":"https:\/\/www.hackbrett.de\/index.php?rest_route=%2Fwp%2Fv2%2Fcomments&post=280"}],"version-history":[{"count":2,"href":"https:\/\/www.hackbrett.de\/index.php?rest_route=\/wp\/v2\/pages\/280\/revisions"}],"predecessor-version":[{"id":495,"href":"https:\/\/www.hackbrett.de\/index.php?rest_route=\/wp\/v2\/pages\/280\/revisions\/495"}],"up":[{"embeddable":true,"href":"https:\/\/www.hackbrett.de\/index.php?rest_route=\/wp\/v2\/pages\/250"}],"wp:attachment":[{"href":"https:\/\/www.hackbrett.de\/index.php?rest_route=%2Fwp%2Fv2%2Fmedia&parent=280"}],"curies":[{"name":"wp","href":"https:\/\/api.w.org\/{rel}","templated":true}]}}