{"id":343,"date":"2016-07-13T07:39:57","date_gmt":"2016-07-13T07:39:57","guid":{"rendered":"http:\/\/www.hackbrett.de\/?page_id=343"},"modified":"2018-11-20T16:39:55","modified_gmt":"2018-11-20T16:39:55","slug":"hackbrett-16-preise-infos","status":"publish","type":"page","link":"https:\/\/www.hackbrett.de\/?page_id=343","title":{"rendered":"hackbrett.16 &#8211; Preise &#038; Infos"},"content":{"rendered":"<p>Workshop mit Belisa Mang &#8211; <strong>25 \u20ac<\/strong> (<em>erm. 20 \u20ac<\/em>)<\/p>\n<p>Triple-Konzert\u00a0&#8211; <strong>10 \u20ac<\/strong> (<em>erm. 7 \u20ac<\/em>)<\/p>\n<p>Ensemble &#8222;Cento Corde&#8220; &#8211; <strong>10 \u20ac<\/strong> (<em>erm. 7 \u20ac<\/em>)<\/p>\n<p>Gruber &amp; Gruber &#8211; <strong>15 \u20ac<\/strong> (<em>erm. 7 \u20ac<\/em>)<\/p>\n<p>Workshop Mentales Training &#8211; <strong>10 \u20ac<\/strong> (<em>erm. 7 \u20ac<\/em>)<\/p>\n<p>&#8222;Gelbe Saiten&#8220; &#8211; <strong>12 \u20ac<\/strong> (<em>erm. 7 \u20ac<\/em>)<\/p>\n<p>Kinder- und Jugendvorspiel &#8211; Eintritt frei<\/p>\n<p>Erm\u00e4\u00dfigt sind Sch\u00fcler und Studenten.<br \/>\nBei Buchung aller Konzerte gibt es 10 % Erm\u00e4\u00dfigung.<br \/>\nAlle Tickets sind an der Tageskasse erh\u00e4ltlich!<\/p>\n<p>&nbsp;<\/p>\n","protected":false},"excerpt":{"rendered":"<p>Workshop mit Belisa Mang &#8211; 25 \u20ac (erm. 20 \u20ac) Triple-Konzert\u00a0&#8211; 10 \u20ac (erm. 7 \u20ac) Ensemble &#8222;Cento Corde&#8220; &#8211; 10 \u20ac (erm. 7 \u20ac) &hellip;<\/p>\n","protected":false},"author":3,"featured_media":0,"parent":297,"menu_order":0,"comment_status":"closed","ping_status":"closed","template":"","meta":{"footnotes":""},"class_list":["post-343","page","type-page","status-publish","hentry"],"_links":{"self":[{"href":"https:\/\/www.hackbrett.de\/index.php?rest_route=\/wp\/v2\/pages\/343","targetHints":{"allow":["GET"]}}],"collection":[{"href":"https:\/\/www.hackbrett.de\/index.php?rest_route=\/wp\/v2\/pages"}],"about":[{"href":"https:\/\/www.hackbrett.de\/index.php?rest_route=\/wp\/v2\/types\/page"}],"author":[{"embeddable":true,"href":"https:\/\/www.hackbrett.de\/index.php?rest_route=\/wp\/v2\/users\/3"}],"replies":[{"embeddable":true,"href":"https:\/\/www.hackbrett.de\/index.php?rest_route=%2Fwp%2Fv2%2Fcomments&post=343"}],"version-history":[{"count":3,"href":"https:\/\/www.hackbrett.de\/index.php?rest_route=\/wp\/v2\/pages\/343\/revisions"}],"predecessor-version":[{"id":505,"href":"https:\/\/www.hackbrett.de\/index.php?rest_route=\/wp\/v2\/pages\/343\/revisions\/505"}],"up":[{"embeddable":true,"href":"https:\/\/www.hackbrett.de\/index.php?rest_route=\/wp\/v2\/pages\/297"}],"wp:attachment":[{"href":"https:\/\/www.hackbrett.de\/index.php?rest_route=%2Fwp%2Fv2%2Fmedia&parent=343"}],"curies":[{"name":"wp","href":"https:\/\/api.w.org\/{rel}","templated":true}]}}