{"id":444,"date":"2018-10-01T19:13:45","date_gmt":"2018-10-01T19:13:45","guid":{"rendered":"https:\/\/www.lasido.de\/hackbrett\/wordpress\/?page_id=444"},"modified":"2018-10-01T19:18:50","modified_gmt":"2018-10-01T19:18:50","slug":"hackbrett-18-tagesworkshop","status":"publish","type":"page","link":"https:\/\/www.hackbrett.de\/?page_id=444","title":{"rendered":"hackbrett.18 &#8211; Tagesworkshop"},"content":{"rendered":"<p>Samstag, 17. November 2018<\/p>\n<p>10:00 Uhr, 13:00 Uhr, 17:00 Uhr (jeweils 120 Minuten, aufbauend)<\/p>\n<p>Mit Elisabeth Seitz<\/p>\n<p><a href=\"https:\/\/www.lasido.de\/hackbrett\/wordpress\/wp-content\/uploads\/2018\/10\/hb18_seitz.jpg\"><img loading=\"lazy\" decoding=\"async\" class=\"alignnone size-large wp-image-448\" src=\"https:\/\/www.lasido.de\/hackbrett\/wordpress\/wp-content\/uploads\/2018\/10\/hb18_seitz-683x1024.jpg\" alt=\"\" width=\"525\" height=\"787\" srcset=\"https:\/\/www.hackbrett.de\/wp-content\/uploads\/2018\/10\/hb18_seitz-683x1024.jpg 683w, https:\/\/www.hackbrett.de\/wp-content\/uploads\/2018\/10\/hb18_seitz-200x300.jpg 200w, https:\/\/www.hackbrett.de\/wp-content\/uploads\/2018\/10\/hb18_seitz-768x1152.jpg 768w\" sizes=\"auto, (max-width: 525px) 100vw, 525px\" \/><\/a><\/p>\n<p>Ein \u00bbLumpeninstrument\u00ab nannte der S\u00e4nger, Komponist und Musiktheoretiker Sebastian Virdung um 1500 das Hackbrett und z\u00e4hlte es zu den \u00bbFastnachtsinstrumenten\u00ab. Ob diese Einsch\u00e4tzung wirklich zutrifft? Dieser und weiteren Fragen rund um das Instrument mit den vielen Namen geht dieser Kurs nach. Ein solches \u00bbLumpeninstrument\u00ab befindet sich auf Ihrem Dachboden? Sie w\u00fcnschen sich ein paar Tipps rund ums Stimmen, f\u00fcr einen lockeren Anschlag, zum Einspielen oder f\u00fcr spezielle Lockerungs\u00fcbungen? Oder m\u00f6chten einfach verschiedene historische Instrumententypen aus der N\u00e4he betrachten und ausprobieren? Sie wollen gerne Repertoire aus vergangen Jahrhunderten entdecken und viel Spa\u00df beim Ensemblespiel mit Gleichgesinnten haben? Dann ist dieser Workshop genau der richtige! Ebenso willkommen sind Fortgeschrittene und Profis, die die reichlich vorhandene Ensembleliteratur kennenlernen oder an mitgebrachten St\u00fccken arbeiten wollen.<\/p>\n<p>Elisabeth Seitz studierte Hackbrett in Linz und M\u00fcnchen sowie Alte Musik in Den Haag.<br \/>\nIhr Interesse gilt insbesondere der historischen Entwicklung und der Bedeutung ihres Instruments in Vergangenheit und Gegenwart. In ihren Konzerten bringt sie deshalb zeitgen\u00f6ssische wie historische Originalliteratur auf die B\u00fchne.<br \/>\nKonzerte, CD- und Rundfunkaufnahmen mit namhaften Musikern und Ensembles wie Christina Pluhar (mit dem Ensemble Arpeggiata wurde sie 2009 mit dem Echo Klassik ausgezeichnet), Philippe Pierlot (Ricercar Consort), Christian Zincke (Echo du Danube), Ton Koopman (Amsterdam Baroque Orchestra), Franz Vitzthum und das Capricornus Consort Basel, Michele Claude (Aromates), Thomas Baete (Club medieval), Rudi Spring (Cosi van Tango), Nils Okland und der polnischen Folkband Kwartett Jorgi haben sie sehr bereichert und f\u00fchrten sie in viele L\u00e4ndern rund um den Globus. Sie war Gast renommierter Festivals wie zB Innsbrucker Festwochen, Salzburger Festspiele, Regensburger Tage f\u00fcr Alte Musik, Tage Alter Musik Herne, Dresdner Kunstfest, Yehudi Menuhin Festival Gstaad, Utrecht Festival f\u00fcr Alte Musik, Kirchenmusikfestival Oslo, Folle de Journee in Frankreich und Japan, Essaoira Festival in Marokko und vieler g\u00e4nzlich unbekannter wunderbarer und spannender Menschen und Orte.<br \/>\n2006-2009 unterrichtete sie an der Anton-Bruckner-Universit\u00e4t Linz die Hackbrettklasse und seit 2014 darf sie den Hackbrettstudenten in Innsbruck Alte Musik n\u00e4her bringen. Gerne unterrichtet sie auch Laien und Profis auf Kursen und hat im Sommer 2016 &#8222;Hackbrettuoso&#8220;, ein Hackbrettfestival in Wuppertal initiiert.<br \/>\nBeim Prima la Musica Wettberwerb in \u00d6sterrich war sie au\u00dferdem als Jurorin t\u00e4tig.<br \/>\nMit dem Ensemble nuovo aspetto (Michael D\u00fccker) spielte sie Originalmusik von Georg Reutter und Antonio Caldara ( mit Valer Sabadus) f\u00fcr Accent und Sony ein.<\/p>\n<p>Mit ihrem Ensemble33zwo (mit Johanna Seitz, Harfen) hat sie zeitgen\u00f6ssische Kompositionen angeregt und uraufgef\u00fchrt bzw. alte &#8222;himmlische&#8220; Originalmusik wieder neu entdeckt und liebt es \u201cwild\u201d zu arrangieren. Die beiden Musikerinnen genie\u00dfen die Intimit\u00e4t des Spiels zu zweit besonders, entwickeln aber auch gerne sparten\u00fcbergreifende Konzepte in kleineren Besetzungen.<\/p>\n","protected":false},"excerpt":{"rendered":"<p>Samstag, 17. November 2018 10:00 Uhr, 13:00 Uhr, 17:00 Uhr (jeweils 120 Minuten, aufbauend) Mit Elisabeth Seitz Ein \u00bbLumpeninstrument\u00ab nannte der S\u00e4nger, Komponist und Musiktheoretiker &hellip;<\/p>\n","protected":false},"author":3,"featured_media":0,"parent":400,"menu_order":0,"comment_status":"closed","ping_status":"closed","template":"","meta":{"footnotes":""},"class_list":["post-444","page","type-page","status-publish","hentry"],"_links":{"self":[{"href":"https:\/\/www.hackbrett.de\/index.php?rest_route=\/wp\/v2\/pages\/444","targetHints":{"allow":["GET"]}}],"collection":[{"href":"https:\/\/www.hackbrett.de\/index.php?rest_route=\/wp\/v2\/pages"}],"about":[{"href":"https:\/\/www.hackbrett.de\/index.php?rest_route=\/wp\/v2\/types\/page"}],"author":[{"embeddable":true,"href":"https:\/\/www.hackbrett.de\/index.php?rest_route=\/wp\/v2\/users\/3"}],"replies":[{"embeddable":true,"href":"https:\/\/www.hackbrett.de\/index.php?rest_route=%2Fwp%2Fv2%2Fcomments&post=444"}],"version-history":[{"count":3,"href":"https:\/\/www.hackbrett.de\/index.php?rest_route=\/wp\/v2\/pages\/444\/revisions"}],"predecessor-version":[{"id":450,"href":"https:\/\/www.hackbrett.de\/index.php?rest_route=\/wp\/v2\/pages\/444\/revisions\/450"}],"up":[{"embeddable":true,"href":"https:\/\/www.hackbrett.de\/index.php?rest_route=\/wp\/v2\/pages\/400"}],"wp:attachment":[{"href":"https:\/\/www.hackbrett.de\/index.php?rest_route=%2Fwp%2Fv2%2Fmedia&parent=444"}],"curies":[{"name":"wp","href":"https:\/\/api.w.org\/{rel}","templated":true}]}}